{"id":9052,"date":"2026-04-01T11:32:24","date_gmt":"2026-04-01T10:32:24","guid":{"rendered":"https:\/\/nationalinfrastructurecommission.wales\/260226-meeting\/"},"modified":"2026-04-01T13:16:51","modified_gmt":"2026-04-01T12:16:51","slug":"260226-meeting","status":"publish","type":"page","link":"https:\/\/nationalinfrastructurecommission.wales\/cy\/260226-meeting\/","title":{"rendered":"260226 Meeting"},"content":{"rendered":"\n<p class=\"has-x-large-font-size wp-block-paragraph\">Nodyn Cyfarfod 27 Chwefror 2026<\/p>\n\n\n\n<figure class=\"wp-block-table\"><table class=\"has-fixed-layout\"><tbody><tr><td><strong>NICW<\/strong> <br>Dr David Clubb, Cadeirydd <br>Dr Jenifer Baxter, Dirprwy Gadeirydd <br>Aleena Khan, Comisiynydd <br>Helen Armstrong, Comisiynydd <br>Nick Tune, Comisiynydd <br>Dr Eurgain Powell, Comisiynydd <br>Eluned Parrott, Comisiynydd <br><br><strong>NICW Swyddfa&#8217;r Rhaglen \/ Llywodraeth Cymru <\/strong><br>Stuart Ingram, Swyddfa Rhaglen <br>NICW Nicola Britton, Swyddfa Rhaglen NICW<\/td><\/tr><\/tbody><\/table><\/figure>\n\n\n\n<p class=\"wp-block-paragraph\"><strong>Croeso<\/strong><\/p>\n\n\n\n<p class=\"wp-block-paragraph\">Croesawodd y Cadeirydd bawb i&#8217;r cyfarfod.<\/p>\n\n\n\n<ul class=\"wp-block-list\">\n<li><strong>Datganiadau o Fuddiant<\/strong><\/li>\n<\/ul>\n\n\n\n<p class=\"wp-block-paragraph\">Mae Aleena Khan wedi&#8217;i phenodi i fwrdd Pafiliwn Grange.<\/p>\n\n\n\n<ul class=\"wp-block-list\">\n<li><strong>Nodiadau o&#8217;r cyfarfod blaenorol<\/strong><\/li>\n<\/ul>\n\n\n\n<p class=\"wp-block-paragraph\">Cytunwyd ar y nodiadau o&#8217;r cyfarfod blaenorol, heb eu newid.<\/p>\n\n\n\n<p class=\"wp-block-paragraph\"><strong>Gwahoddiadau i ddigwyddiadau<\/strong><\/p>\n\n\n\n<ul class=\"wp-block-list\">\n<li>Siaradodd Eurgain Powell mewn seminar Ymddiriedolaethau Natur y DU ar dd\u0175r.<\/li>\n\n\n\n<li>Mae Aleena Khan wedi bod yn cynrychioli NICW mewn fforwm trafnidiaeth wledig ym Mhrifysgol Caerdydd<\/li>\n\n\n\n<li>Cynigiodd y Cadeirydd wahoddiad i Lansio &#8216;Ymgynghoriad Ystyrlon&#8217; am ganiat\u00e2d seilwaith yr wythnos ganlynol<\/li>\n<\/ul>\n\n\n\n<p class=\"wp-block-paragraph\"><strong><em>Gweithred<\/em><\/strong><\/p>\n\n\n\n<p class=\"wp-block-paragraph\"><em>Anfon dolenni cyhoeddus am y fforwm at y Cadeirydd: Aleena Khan<\/em><\/p>\n\n\n\n<ul class=\"wp-block-list\">\n<li><strong>Cofrestr risg: risg y mis \u2013 risg wleidyddol<\/strong><\/li>\n<\/ul>\n\n\n\n<p class=\"wp-block-paragraph\">Myfyrio ar etholiad y Senedd sydd i ddod a&#8217;r ansicrwydd gwleidyddol. Cytunwyd i drefnu cyfarfod ym mis Ebrill i drafod yn fanylach<\/p>\n\n\n\n<p class=\"wp-block-paragraph\"><strong><em>Gweithred<\/em><\/strong><\/p>\n\n\n\n<p class=\"wp-block-paragraph\"><em>Trefnu cyfarfod am ansicrwydd gwleidyddol: Ysgrifenyddiaeth.<\/em><\/p>\n\n\n\n<ul class=\"wp-block-list\">\n<li><strong>Papur gwyrdd d\u0175r<\/strong><\/li>\n<\/ul>\n\n\n\n<p class=\"wp-block-paragraph\">Trafododd y comisiynwyr y papur a baratowyd gan y cadeirydd. Canolbwyntiodd y drafodaeth eang ar safbwynt NICW, a&#8217;r goblygiadau ar gyfer rhaglen waith 2026\/27. Nodwyd ymrwymiad i ymateb i&#8217;r ymgynghoriad swyddogol. Roedd consensws bod d\u0175r yn addas ar gyfer gwaith yn y dyfodol gan NICW. Bydd cynnig yn cael ei weithio i&#8217;w gyflwyno i&#8217;r llywodraeth newydd, gan ystyried adborth o ddigwyddiad seilwaith mis Mawrth.<\/p>\n\n\n\n<p class=\"wp-block-paragraph\"><strong><em>Gweithred<\/em><\/strong><\/p>\n\n\n\n<p class=\"wp-block-paragraph\"><em>Trefnu cyfarfod i gwblhau&#8217;r ymateb i&#8217;r papur gwyrdd: Ysgrifenyddiaeth<\/em><\/p>\n\n\n\n<p class=\"wp-block-paragraph\">Ystyriaeth i&#8217;w roi i ddatblygu prosiect ar dd\u0175r i&#8217;w gomisiynu ym mis Mehefin: Pawb<\/p>\n\n\n\n<ul class=\"wp-block-list\">\n<li><strong>Rhaglen Waith<\/strong><\/li>\n<\/ul>\n\n\n\n<p class=\"wp-block-paragraph\"><strong>Adroddiad Ynni Adnewyddadwy Blwyddyn 1<\/strong><\/p>\n\n\n\n<p class=\"wp-block-paragraph\">Does dim mwy o waith yn mynd rhagddo ar hyn tan ar \u00f4l yr etholiad. Bydd hyn yn cael ei godi eto unwaith y bydd Llywodraeth newydd yn ei le. Nodwyd bod Plaid Cymru wedi hyrwyddo cymorth ynni cymunedol yn eu dogfen cyn lansio maniffesto (100 diwrnod 1af)<\/p>\n\n\n\n<p class=\"wp-block-paragraph\"><strong>Llifogydd Blwyddyn 2<\/strong><\/p>\n\n\n\n<p class=\"wp-block-paragraph\">Nodwyd perthnasedd parhaus yr adroddiad , er enghraifft gwnaeth Eurgain Powell ddarn ar Radio Cymru am bryniant Ynysybwl gan RhCT. Nodwyd hefyd bod disgwyl datganiad swyddogol y Llywodraeth erbyn diwedd mis Mawrth. Mae comisiynwyr yn parhau i nodi cyfleoedd i dynnu sylw at y gwaith a&#8217;r argymhellion.<\/p>\n\n\n\n<p class=\"wp-block-paragraph\"><strong><em>Gweithred<\/em><\/strong><\/p>\n\n\n\n<p class=\"wp-block-paragraph\"><em>Drafftio llythyr at Gadeirydd CNC am ein gwaith: Eurgain Powell<\/em><\/p>\n\n\n\n<p class=\"wp-block-paragraph\"><em>Drafftio blog am brynu Teras Clydach: Eluned Parrott<\/em><\/p>\n\n\n\n<p class=\"wp-block-paragraph\"><strong>Cyfathrebu Addasu i Newid Hinsawdd Blwyddyn 3<\/strong><\/p>\n\n\n\n<p class=\"wp-block-paragraph\">Mae&#8217;r gwaith etifeddiaeth yn parhau, ac mae adroddiad yn cael ei ddisgwyl erbyn y cyfarfod nesaf. Mae disgwyl ymateb Llywodraeth Cymru i&#8217;r adroddiad erbyn diwedd mis Mawrth.<\/p>\n\n\n\n<p class=\"wp-block-paragraph\"><strong>Blwyddyn 4 \u2013 Asesiad Seilwaith<\/strong><\/p>\n\n\n\n<p class=\"wp-block-paragraph\"><strong>Blwyddyn 4 \u2013 Ymchwil Cyflenwi Seilwaith<\/strong><\/p>\n\n\n\n<p class=\"wp-block-paragraph\">Mae&#8217;r ddau brosiect wedi&#8217;u cwblhau a byddant yn cael eu cyhoeddi yn y Digwyddiad Seilwaith ar 23 Mawrth. I ategu hyn, cytunodd y Dirprwy gadeirydd i ddrafftio post blog am y ddau brosiect.<\/p>\n\n\n\n<p class=\"wp-block-paragraph\"><strong><em>Gweithred<\/em><\/strong><\/p>\n\n\n\n<p class=\"wp-block-paragraph\"><em>Drafftio post blog: Dirprwy Gadeirydd<\/em><\/p>\n\n\n\n<p class=\"wp-block-paragraph\"><strong>Symposiwm Seilwaith \u2013 23 Mawrth 2026<\/strong><\/p>\n\n\n\n<p class=\"wp-block-paragraph\">Mae&#8217;r digwyddiad hwn yn cael ei gydlynu gan Cazbah. Roedd y drafodaeth yn canolbwyntio ar fynychwyr, yn enwedig awgrymiadau ar gyfer aelodau&#8217;r panel trafod.<\/p>\n\n\n\n<ul class=\"wp-block-list\">\n<li><strong>Diweddariadau&#8217;r Comisiynydd<\/strong><\/li>\n<\/ul>\n\n\n\n<p class=\"wp-block-paragraph\">Trafodwyd y llythyr gan Bwyllgor CCEI, yn dilyn y sesiwn graffu ffurfiol<\/p>\n\n\n\n<ul class=\"wp-block-list\">\n<li><strong>Blaenraglen waith<\/strong><\/li>\n<\/ul>\n\n\n\n<p class=\"wp-block-paragraph\">Gan adeiladu ar adborth gan y Pwyllgor a&#8217;r diwrnod myfyrdo, cafwyd trafodaeth am KPIs.<\/p>\n\n\n\n<p class=\"wp-block-paragraph\"><strong><em>Gweithred<\/em><\/strong><\/p>\n\n\n\n<p class=\"wp-block-paragraph\"><em>Drafftio set o DPA i&#8217;w gwneud sylwadau erbyn y cyfarfod nesaf: Cadeirydd<\/em><\/p>\n\n\n\n<p class=\"wp-block-paragraph\"><strong>NoTB \u2013 y camau nesaf?<\/strong><\/p>\n\n\n\n<p class=\"wp-block-paragraph\">Cafwyd trafodaeth eang am sut y gall NICW adeiladu ar y peilot.<\/p>\n\n\n\n<p class=\"wp-block-paragraph\">Awgrym wedi&#8217;i gynnwys<\/p>\n\n\n\n<ul class=\"wp-block-list\">\n<li>talu am Warcheidwad Natur i weithredu ar secondiad i gorff cyhoeddus yng Nghymru sy&#8217;n berthnasol i&#8217;r sector seilwaith a thai<\/li>\n\n\n\n<li>datblygu neu ariannu adnodd, i gefnogi Gwarcheidwaid Natur yng Nghymru<\/li>\n\n\n\n<li>datblygu neu ariannu corff i gynnal eiriolaeth ar Nature Guardian mewn cyrff cyhoeddus yng Nghymru.<\/li>\n<\/ul>\n\n\n\n<p class=\"wp-block-paragraph\"><strong><em>Gweithred:<\/em><\/strong><\/p>\n\n\n\n<p class=\"wp-block-paragraph\"><em>Ymgynghori \u00e2 chyrff cyhoeddus yngl\u0177n \u00e2 chynnal Gwarcheidwad Natur ar secondiad NICW ar eu byrddau: Cadeirydd<\/em><\/p>\n\n\n\n<p class=\"wp-block-paragraph\"><em>Gweithredu: Cysylltwch ag Elspeth a Lawyers for Nature am brosiect dilynol: Cadeirydd<\/em><\/p>\n\n\n\n<p class=\"wp-block-paragraph\"><strong>Cartref<\/strong><\/p>\n\n\n\n<p class=\"wp-block-paragraph\">Cafwyd trafodaeth yngl\u0177n \u00e2 phrosiect arfaethedig Prifysgol Aberystwyth ar seilwaith. Bydd y cadeirydd yn ysgrifennu yn cynnig cefnogaeth ac yn gofyn am eglurder am effaith y prosiect.<\/p>\n\n\n\n<p class=\"wp-block-paragraph\"><strong>Cynhelir y cyfarfod nesaf yn Neuadd Aberd\u00e2r ar 27 Mawrth 2026.<\/strong><\/p>\n\n\n\n<p class=\"wp-block-paragraph\"><\/p>\n\n\n\n<p class=\"wp-block-paragraph\"><\/p>\n\n\n<p><!-- \/wp:post-content --><\/p>\n<p><!-- wp:paragraph --><\/p>\n<p><!-- \/wp:paragraph --><\/p>\n<p><!-- wp:paragraph --><\/p>\n<p><!-- \/wp:paragraph --><\/p>","protected":false},"excerpt":{"rendered":"<p>Nodyn Cyfarfod 27 Chwefror 2026 NICW Dr David Clubb, Cadeirydd Dr Jenifer Baxter, Dirprwy Gadeirydd Aleena Khan, Comisiynydd Helen Armstrong, Comisiynydd Nick Tune, Comisiynydd Dr Eurgain Powell, Comisiynydd Eluned Parrott, Comisiynydd NICW Swyddfa&#8217;r Rhaglen \/ Llywodraeth Cymru Stuart Ingram, Swyddfa Rhaglen NICW Nicola Britton, Swyddfa Rhaglen NICW Croeso Croesawodd y Cadeirydd bawb i&#8217;r cyfarfod. Mae [&hellip;]<\/p>\n","protected":false},"author":1,"featured_media":0,"parent":0,"menu_order":0,"comment_status":"closed","ping_status":"closed","template":"","meta":{"_crdt_document":"","inline_featured_image":false,"footnotes":""},"class_list":["post-9052","page","type-page","status-publish","hentry"],"_links":{"self":[{"href":"https:\/\/nationalinfrastructurecommission.wales\/cy\/wp-json\/wp\/v2\/pages\/9052","targetHints":{"allow":["GET"]}}],"collection":[{"href":"https:\/\/nationalinfrastructurecommission.wales\/cy\/wp-json\/wp\/v2\/pages"}],"about":[{"href":"https:\/\/nationalinfrastructurecommission.wales\/cy\/wp-json\/wp\/v2\/types\/page"}],"author":[{"embeddable":true,"href":"https:\/\/nationalinfrastructurecommission.wales\/cy\/wp-json\/wp\/v2\/users\/1"}],"replies":[{"embeddable":true,"href":"https:\/\/nationalinfrastructurecommission.wales\/cy\/wp-json\/wp\/v2\/comments?post=9052"}],"version-history":[{"count":2,"href":"https:\/\/nationalinfrastructurecommission.wales\/cy\/wp-json\/wp\/v2\/pages\/9052\/revisions"}],"predecessor-version":[{"id":9072,"href":"https:\/\/nationalinfrastructurecommission.wales\/cy\/wp-json\/wp\/v2\/pages\/9052\/revisions\/9072"}],"wp:attachment":[{"href":"https:\/\/nationalinfrastructurecommission.wales\/cy\/wp-json\/wp\/v2\/media?parent=9052"}],"curies":[{"name":"wp","href":"https:\/\/api.w.org\/{rel}","templated":true}]}}