{"id":6535,"date":"2025-04-10T13:29:09","date_gmt":"2025-04-10T12:29:09","guid":{"rendered":"https:\/\/nationalinfrastructurecommission.wales\/250221-meeting\/"},"modified":"2025-04-10T13:41:04","modified_gmt":"2025-04-10T12:41:04","slug":"250221-meeting","status":"publish","type":"page","link":"https:\/\/nationalinfrastructurecommission.wales\/cy\/250221-meeting\/","title":{"rendered":"250221 Cyfarfod"},"content":{"rendered":"\n<p class=\"has-x-large-font-size wp-block-paragraph\">Nodiadau cyfarfod 21 Chwefror 2025<\/p>\n\n\n\n<p class=\"wp-block-paragraph\">Canolfan Addysg Parc Bute, Caerdydd<\/p>\n\n\n\n<div class=\"wp-block-columns alignfull is-layout-flex wp-container-core-columns-is-layout-f56f613f wp-block-columns-is-layout-flex\">\n<div class=\"wp-block-column is-layout-flow wp-block-column-is-layout-flow\" style=\"flex-basis:5%\"><\/div>\n\n\n\n<div class=\"wp-block-column is-layout-flow wp-block-column-is-layout-flow\" style=\"flex-basis:22.22%\">\n<div class=\"wp-block-group is-layout-constrained wp-block-group-is-layout-constrained wp-container-1 is-position-sticky\">\n<div style=\"height:23px\" aria-hidden=\"true\" class=\"wp-block-spacer\"><\/div>\n\n\n\n<nav aria-label=\"Table of Contents\" class=\"wp-block-table-of-contents\"><ol><li><a class=\"wp-block-table-of-contents__entry\" href=\"https:\/\/nationalinfrastructurecommission.wales\/cy\/250221-meeting\/#present\">Mynychwyr<\/a><\/li><li><a class=\"wp-block-table-of-contents__entry\" href=\"https:\/\/nationalinfrastructurecommission.wales\/cy\/250221-meeting\/#croeso-a-datganiadau-o-ddiddordeb\">Croeso a datganiadau o ddiddordeb.<\/a><\/li><li><a class=\"wp-block-table-of-contents__entry\" href=\"https:\/\/nationalinfrastructurecommission.wales\/cy\/250221-meeting\/#glanhau\">Glanhau<\/a><\/li><li><a class=\"wp-block-table-of-contents__entry\" href=\"https:\/\/nationalinfrastructurecommission.wales\/cy\/250221-meeting\/#future-work-programme-updates\">Trafodaeth ar y Rhaglen Waith ac Adroddiad y Gyllideb<\/a><\/li><li><a class=\"wp-block-table-of-contents__entry\" href=\"https:\/\/nationalinfrastructurecommission.wales\/cy\/250221-meeting\/#future-work-programme-updates\">Cofrestr Risg<\/a><\/li><li><a class=\"wp-block-table-of-contents__entry\" href=\"https:\/\/nationalinfrastructurecommission.wales\/cy\/250221-meeting\/#future-work-programme-updates\">Cylch Gorchwyl Cyfarfod NICW<\/a><\/li><li><a class=\"wp-block-table-of-contents__entry\" href=\"https:\/\/nationalinfrastructurecommission.wales\/cy\/250221-meeting\/#future-work-programme-updates\">Cymorth Cyfathrebu NICW<\/a><\/li><li><a class=\"wp-block-table-of-contents__entry\" href=\"https:\/\/nationalinfrastructurecommission.wales\/cy\/250221-meeting\/#aob\">Natur ar NICW<\/a><\/li><li><a class=\"wp-block-table-of-contents__entry\" href=\"https:\/\/nationalinfrastructurecommission.wales\/cy\/250221-meeting\/#aob\">Adolygiad NICW a Sesiwn Craffu Blynyddol CCEI<\/a><\/li><li><a class=\"wp-block-table-of-contents__entry\" href=\"https:\/\/nationalinfrastructurecommission.wales\/cy\/250221-meeting\/#aob\">Sesiwn Gynllunio ar gyfer Blwyddyn 4 \/ Etifeddiaeth<\/a><\/li><li><a class=\"wp-block-table-of-contents__entry\" href=\"https:\/\/nationalinfrastructurecommission.wales\/cy\/250221-meeting\/#aob\">Trafodaeth Misol NICW<\/a><\/li><li><a class=\"wp-block-table-of-contents__entry\" href=\"https:\/\/nationalinfrastructurecommission.wales\/cy\/250221-meeting\/#aob\">AOB<\/a><\/li><\/ol><\/nav>\n<\/div>\n<\/div>\n\n\n\n<div class=\"wp-block-column is-layout-flow wp-block-column-is-layout-flow\" style=\"padding-top:var(--wp--preset--spacing--30);padding-right:var(--wp--preset--spacing--30);padding-bottom:var(--wp--preset--spacing--30);padding-left:var(--wp--preset--spacing--30);flex-basis:44.45%\">\n<div class=\"wp-block-group has-tertiary-background-color has-background is-layout-constrained wp-block-group-is-layout-constrained\">\n<h3 class=\"wp-block-heading\" id=\"present\">Mynychwyr<\/h3>\n\n\n\n<p class=\"wp-block-paragraph\"><strong>NICW<\/strong><\/p>\n\n\n\n<p class=\"wp-block-paragraph\">Dr David Clubb, Cadeirydd<\/p>\n\n\n\n<p class=\"wp-block-paragraph\">Helen Armstrong, Comisiynydd<\/p>\n\n\n\n<p class=\"wp-block-paragraph\">Dr Eurgain Powell, Comisiynydd<\/p>\n\n\n\n<p class=\"wp-block-paragraph\">Steve Brooks, Comisiynydd (Ar-lein)<\/p>\n\n\n\n<p class=\"wp-block-paragraph\">Comisiynydd Eluned Parrott (Ar-lein)<\/p>\n\n\n\n<p class=\"wp-block-paragraph\">Nick Tune, Comisiynydd<\/p>\n\n\n\n<p class=\"wp-block-paragraph\"><strong>Ysgrifenyddiaeth\/Llywodraeth Cymru<\/strong><\/p>\n\n\n\n<p class=\"wp-block-paragraph\">Stuart Ingram, Ysgrifenyddiaeth NICW<br><\/p>\n\n\n\n<p class=\"wp-block-paragraph\"><strong>Prifysgol Brunel <\/strong>(Eitem Trafod NICW yn unig)<\/p>\n\n\n\n<p class=\"wp-block-paragraph\">Simon Roberts<\/p>\n\n\n\n<p class=\"wp-block-paragraph\">Colin Axon<\/p>\n\n\n\n<p class=\"wp-block-paragraph\"><strong>Ymddiheuriadau<\/strong><\/p>\n\n\n\n<p class=\"wp-block-paragraph\">Dr Jenifer Baxter, Dirprwy Gadeirydd<\/p>\n\n\n\n<p class=\"wp-block-paragraph\">Aleena Khan, Comisiynydd<\/p>\n\n\n\n<p class=\"wp-block-paragraph\">Nicola Britton, Ysgrifenyddiaeth NICW<\/p>\n<\/div>\n\n\n\n<div class=\"wp-block-group has-tertiary-background-color has-background is-layout-constrained wp-block-group-is-layout-constrained\">\n<h3 class=\"wp-block-heading\" id=\"croeso-a-datganiadau-o-ddiddordeb\"><strong><strong>Croeso a datganiadau o ddiddordeb.<\/strong><\/strong><\/h3>\n\n\n\n<p class=\"wp-block-paragraph\">Croesawodd y Cadeirydd y Comisiynwyr i&#8217;r cyfarfod gyda check-in a dathlu llwyddiant.<\/p>\n\n\n\n<p class=\"wp-block-paragraph\">Myfyriodd y comisiynwyr ar&nbsp; wythnos gynhyrchiol i NICW gan gynnwys presenoldeb yn y Pwyllgorau CCEI a Llifogydd yn ogystal \u00e2 digwyddiad llwyddiannus fel rhan o brosiect Blwyddyn 3 yn Grangetown.<\/p>\n\n\n\n<p class=\"wp-block-paragraph\"><strong>Datganiadau o Ddiddordeb<\/strong><\/p>\n\n\n\n<p class=\"wp-block-paragraph\">Datganodd y Cadeirydd ei fod yn gweithio ar asesiad effaith gymdeithasol ar gyfer Cadwch Gymru&#8217;n Wlad; a nodi sefydliadau sy&#8217;n anelu at ehangu cyfranogiad mewn Byrddau Llywodraeth Cymru.<\/p>\n\n\n\n<p class=\"wp-block-paragraph\">Soniodd hefyd am wrthdaro posibl o ganlyniad i gontract ymgysylltu \u00e2&#8217;r cyhoedd y mae ei gwmni ymgynghori yn cynnig amdano. Byddai angen diweddaru&#8217;r gofrestr os oedd y cais hwn yn llwyddiannus.<\/p>\n<\/div>\n\n\n\n<div class=\"wp-block-group has-tertiary-background-color has-background is-layout-constrained wp-block-group-is-layout-constrained\">\n<h3 class=\"wp-block-heading\" id=\"glanhau\"><strong><strong>Glanhau<\/strong><\/strong><\/h3>\n\n\n\n<p class=\"wp-block-paragraph\"><strong>Nodiadau o&#8217;r Cyfarfod Blaenorol<\/strong><\/p>\n\n\n\n<p class=\"wp-block-paragraph\">Cymeradwywyd cofnodion y cyfarfod blaenorol.<\/p>\n\n\n\n<p class=\"wp-block-paragraph\"><strong>Gwahoddiadau i Ddigwyddiadau<\/strong> Gwahoddwyd y Cadeirydd i fynychu agoriad swyddfa Cymru yn Ofwat ar 4 Mawrth. Mae Eurgain Powell wedi cael gwahoddiad i feirniadu gwobrau Prosiect Seilwaith Cymru gan Ragoriaeth Adeiladu Cymru. Ni all ymgymryd \u00e2 hyn a&#8217;i gynnig i Gomisiynwyr eraill.<\/p>\n<\/div>\n\n\n\n<div class=\"wp-block-group has-tertiary-background-color has-background is-layout-constrained wp-block-group-is-layout-constrained\">\n<h3 class=\"wp-block-heading has-x-large-font-size\" id=\"future-work-programme-updates\"><strong><strong><strong><strong>Trafodaeth ar y Rhaglen Waith ac Adroddiad y Gyllideb<\/strong><\/strong><\/strong><\/strong><\/h3>\n\n\n\n<p class=\"wp-block-paragraph\">Yn dilyn canlyniad adolygiad NICW, dosbarthwyd adroddiad estynedig newydd ar y Rhaglen Waith ac adroddiad cyllideb i&#8217;r Comisiynwyr i&#8217;w galluogi i dderbyn diweddariad ysgrifenedig a hwyluso mwy o drafodaeth yng nghyfarfodydd NICW. Trafodwyd y meysydd penodol mewn perthynas \u00e2&#8217;r adroddiad:<\/p>\n\n\n\n<p class=\"wp-block-paragraph\">Blwyddyn 1 &#8211; Ynni Adnewyddadwy<\/p>\n\n\n\n<p class=\"wp-block-paragraph\">Nodwyd bod adroddiad y Comisiwn Seilwaith Cenedlaethol (DU) ar Grid yn cael ei gyhoeddi ar ddiwrnod cyfarfod NICW.<\/p>\n\n\n\n<p class=\"wp-block-paragraph\">Blwyddyn 2 \u2013 Llifogydd<\/p>\n\n\n\n<p class=\"wp-block-paragraph\">Trafodwyd y sesiwn dystiolaeth gyda Phwyllgor CCEI y cymerodd Eurgain Powell ac Eluned Parrott ran ynddi y diwrnod blaenorol.<\/p>\n\n\n\n<p class=\"wp-block-paragraph\">Cytunwyd y byddai Trafnidiaeth Cymru yn cael ei gysylltu i stiwardio paentiad Prith B &#8216;Yr Afon&#8217; i&#8217;w arddangos yn adeilad eu pencadlys.<\/p>\n\n\n\n<p class=\"wp-block-paragraph\">Blwyddyn 3 \u2013 Sgyrsiau Hinsawdd<\/p>\n\n\n\n<p class=\"wp-block-paragraph\">Mae SOIF wedi cwblhau&#8217;r gwaith ymgysylltu \u00e2&#8217;r gymuned gyda&#8217;r 3 sefydliad partner yn Grangetown. Mae&#8217;r adroddiad ysgrifennu ar hyn o bryd yn rhedeg yn \u00f4l yr amserlen. Trafodwyd parhau \u00e2&#8217;r rhaglen o weithgareddau yn Grangetown, gan gynnwys hyfforddiant mewn sgiliau hwyluso ar gyfer y grwpiau cymunedol, gefeillio Grangetown gydag ardal arall yng Nghymru ac integreiddio&#8217;r grwpiau mewn ffordd fwy cydlynol. Sylwwyd bod yn rhaid i NICW fod yn ymwybodol o&#8217;i gylch gwaith yn hyn o beth. Byddai hyn yn cael ei drafod yn fanylach yn y sesiwn gynllunio ar 14 Mawrth, yn ogystal \u00e2 sesiwn gyda chymuned Grangetown eu hunain ar 7 Mawrth.<\/p>\n\n\n\n<p class=\"wp-block-paragraph\">Digwyddiad Dyfodol Trafnidiaeth<\/p>\n\n\n\n<p class=\"wp-block-paragraph\">Trafodwyd digwyddiadau y Dyfodol Trafnidiaeth, a daeth i&#8217;r casgliad y byddai angen mwy o arweiniad i gyflawni&#8217;r hyn y sefydlwyd y prosiect i ddechrau i&#8217;w gyflawni, yn enwedig ar yr ochr mapio \/ GIS. Argymhellwyd y dylid ymgysylltu \u00e2 Paul Chase o TfW a Glen Lyons o Mott MacDonald i gael mewnwelediad pellach.<\/p>\n<\/div>\n\n\n\n<div class=\"wp-block-group has-tertiary-background-color has-background is-layout-constrained wp-block-group-is-layout-constrained\">\n<h3 class=\"wp-block-heading has-x-large-font-size\" id=\"future-work-programme-updates\"><strong><strong><strong><strong>Cofrestr Risg<\/strong><\/strong><\/strong><\/strong><\/h3>\n\n\n\n<p class=\"wp-block-paragraph\">Yn dilyn canlyniad adolygiad NICW trafodwyd eitem agenda misol newydd ar y gofrestr risg. Y mis hwn roedd y risg a nodwyd ar Gynllunio Olyniaeth.<\/p>\n\n\n\n<p class=\"wp-block-paragraph\">Nodwyd mai penderfyniad i Weinidogion Cymru oedd dyfodol y Comisiwn ac nid NICW ei hun. Fodd bynnag, gall NICW drafod dymunoldeb Comisiynwyr i barhau yn eu r\u00f4l a helpu yn y broses bontio. Yn dilyn sgyrsiau diweddar, mae&#8217;n debygol y bydd Comisiynwyr yn cael eu gwahodd i aros yn y swydd tan haf 2026, ar \u00f4l etholiadau&#8217;r Senedd, ac i Lywodraeth newydd gadarnhau trefniadau yn y dyfodol. Bydd y Cadeirydd yn parhau i fod \u00e2 pherchnogaeth o&#8217;r Risg hwn yn y cyfamser ac yn cysylltu \u00e2&#8217;r Ysgrifenyddiaeth lle bo hynny&#8217;n briodol.<\/p>\n\n\n\n<p class=\"wp-block-paragraph\">Trafodwyd cyfraddau dyddiol ar gyfer Comisiynwyr a byddai ymchwiliadau ar swyddi tebyg yn cael eu cynnal i hysbysu&#8217;r Comisiwn nesaf.<\/p>\n<\/div>\n\n\n\n<div class=\"wp-block-group has-tertiary-background-color has-background is-layout-constrained wp-block-group-is-layout-constrained\">\n<h3 class=\"wp-block-heading has-x-large-font-size\" id=\"future-work-programme-updates\"><strong><strong><strong>Cylch Gorchwyl Cyfarfod NICW<\/strong><\/strong><\/strong><\/h3>\n\n\n\n<p class=\"wp-block-paragraph\">Yn dilyn canlyniad adolygiad NICW cylchredwyd Cylch Gorchwyl drafft ar gyfer cyfarfodydd NICW gyda&#8217;r papurau cyfarfod. Derbyniwyd m\u00e2n sylwadau gan Gomisiynwyr. Byddai fersiwn ddiwygiedig o&#8217;r ddogfen yn cael ei chylchredeg ar gyfer sylwadau terfynol cyn ei chyhoeddi ar wefan NICW.<\/p>\n<\/div>\n\n\n\n<div class=\"wp-block-group has-tertiary-background-color has-background is-layout-constrained wp-block-group-is-layout-constrained\">\n<h3 class=\"wp-block-heading has-x-large-font-size\" id=\"future-work-programme-updates\"><strong><strong><strong>Cymorth Cyfathrebu NICW<\/strong><\/strong><\/strong><\/h3>\n\n\n\n<p class=\"wp-block-paragraph\">Trafodwyd y gyfres o ddogfennau drafft y Strategaeth Gyfathrebu gan Equinox (yn ogystal \u00e2 chyfarfod ar wah\u00e2n a gynhaliwyd ar 17 Chwefror) cytunwyd y byddai Steve Brooks yn arwain y gwaith i gynhyrchu fersiwn fyrrach, mwy cyfunol gydag Aleena Khan a Jen Baxter. Byddai adborth yn cael ei ddarparu i Equinox, a byddai&#8217;r mater yn cael ei drafod eto yn y sesiwn gynllunio ar 14 Mawrth.<\/p>\n<\/div>\n\n\n\n<div class=\"wp-block-group has-tertiary-background-color has-background is-layout-constrained wp-block-group-is-layout-constrained\">\n<h3 class=\"wp-block-heading has-x-large-font-size\" id=\"aob\"><strong><strong><strong>Natur ar NICW<\/strong><\/strong><\/strong><\/h3>\n\n\n\n<p class=\"wp-block-paragraph\">Mae Simeon Rose wedi cael ei gyflogi i gynhyrchu darn ysgrifenedig i wneud yr achos dros Natur ar y Bwrdd ar gyfer NICW a Chyrff Cyhoeddus eraill yng Nghymru.<\/p>\n\n\n\n<p class=\"wp-block-paragraph\">Bydd y gwaith hwn yn cael ei ddefnyddio i lywio cynrychiolaethau i Lywodraeth Cymru ar fwrw ymlaen \u00e2&#8217;r mater hwn. Rydym hefyd yn ymgysylltu ag academydd o Brifysgol Aberystwyth i wneud yr achos o ran treftadaeth ddiwylliannol Cymru.<\/p>\n<\/div>\n\n\n\n<div class=\"wp-block-group has-tertiary-background-color has-background is-layout-constrained wp-block-group-is-layout-constrained\">\n<h3 class=\"wp-block-heading has-x-large-font-size\" id=\"aob\"><strong><strong><strong><strong>Adolygiad NICW a Sesiwn Craffu Blynyddol CCEI<\/strong><\/strong><\/strong><\/strong><\/h3>\n\n\n\n<p class=\"wp-block-paragraph\">Trafodwyd ymateb i Ysgrifennydd y Cabinet ar Adolygiad NICW a chytunwyd ar gyfer y mater.<\/p>\n\n\n\n<p class=\"wp-block-paragraph\">Byddai fideo o&#8217;r sesiwn graffu flynyddol yn cael ei gylchredeg i&#8217;r Comisiynwyr.<\/p>\n<\/div>\n\n\n\n<div class=\"wp-block-group has-tertiary-background-color has-background is-layout-constrained wp-block-group-is-layout-constrained\">\n<h3 class=\"wp-block-heading has-x-large-font-size\" id=\"aob\"><strong><strong><strong><strong>Sesiwn Gynllunio ar gyfer Blwyddyn 4 \/ Etifeddiaeth<\/strong><\/strong><\/strong><\/strong><\/h3>\n\n\n\n<p class=\"wp-block-paragraph\">Trafodwyd cynnwys sesiwn Cynllunio NICW yng Nghasnewydd ar 14 Mawrth. Rhestrwyd y pynciau canlynol fel rhai allweddol i&#8217;w trafod:<\/p>\n\n\n\n<ul class=\"wp-block-list\">\n<li>Cyfathrebiadau<\/li>\n\n\n\n<li>Myfyrdodau personol i lywio&nbsp; adroddiad &#8216;diwedd tymor&#8217;.<\/li>\n\n\n\n<li>Blwyddyn 3 \/ Gwaith etifeddiaeth Grangetown<\/li>\n\n\n\n<li>Dyfodol y Comisiynydd<\/li>\n\n\n\n<li>Monitro ein hadroddiadau<\/li>\n\n\n\n<li>Ein perthynas \u00e2 sefydliadau eraill<\/li>\n<\/ul>\n<\/div>\n\n\n\n<div class=\"wp-block-group has-tertiary-background-color has-background is-layout-constrained wp-block-group-is-layout-constrained\">\n<h3 class=\"wp-block-heading has-x-large-font-size\" id=\"aob\"><strong><strong><strong>Trafodaeth Misol NICW<\/strong><\/strong><\/strong><\/h3>\n\n\n\n<p class=\"wp-block-paragraph\">Ymunodd Simon Roberts a Colin Axon o Brifysgol Brunel \u00e2&#8217;r cyfarfod i gyflwyno eu papur, &#8220;What price near-zero emissions?&#8221;, yn y cyfarfod.<br><a href=\"https:\/\/brunel.figshare.com\/ndownloader\/files\/51323096\">Energy and economic modelling for the UK using real-world data to 2050 and beyond<\/a><\/p>\n\n\n\n<p class=\"wp-block-paragraph\">Cyflwynodd Simon a Roberts y goblygiadau i seilwaith Cymru gan gyfeirio at seilwaith porthladdoedd Cymru a&#8217;r defnydd posibl o amonia yn y dyfodol.<\/p>\n\n\n\n<p class=\"wp-block-paragraph\">Trafododd y comisiynwyr oblygiadau&#8217;r ymchwil hon, gan gynnwys y cyfleoedd economaidd i Gymru, yn ogystal \u00e2&#8217;r risgiau posibl sy&#8217;n gysylltiedig \u00e2 chodi yn lefel y m\u00f4r. Byddai ystyriaeth yn cael ei roi i ysgrifennu post blog sy&#8217;n gysylltiedig \u00e2&#8217;r gwaith hwn.<\/p>\n\n\n\n<p class=\"wp-block-paragraph\">Cytunwyd y gallai&#8217;r sesiwn drafod fis nesaf fod ar Dyfodol Trafnidiaeth neu ariannu Seilwaith. Byddai hyn yn cael ei gadarnhau maes o law.<\/p>\n<\/div>\n\n\n\n<div class=\"wp-block-group has-tertiary-background-color has-background is-layout-constrained wp-block-group-is-layout-constrained\">\n<h3 class=\"wp-block-heading has-x-large-font-size\" id=\"aob\"><strong>AOB<\/strong><\/h3>\n\n\n\n<p class=\"wp-block-paragraph\">None<\/p>\n<\/div>\n<\/div>\n<\/div>\n\n\n\n<p class=\"wp-block-paragraph\"><\/p>\n\n\n<p><!-- \/wp:post-content --><!-- wp:activitypub\/reactions \/--><\/p>","protected":false},"excerpt":{"rendered":"<p>Nodiadau cyfarfod 21 Chwefror 2025 Canolfan Addysg Parc Bute, Caerdydd Mynychwyr NICW Dr David Clubb, Cadeirydd Helen Armstrong, Comisiynydd Dr Eurgain Powell, Comisiynydd Steve Brooks, Comisiynydd (Ar-lein) Comisiynydd Eluned Parrott (Ar-lein) Nick Tune, Comisiynydd Ysgrifenyddiaeth\/Llywodraeth Cymru Stuart Ingram, Ysgrifenyddiaeth NICW Prifysgol Brunel (Eitem Trafod NICW yn unig) Simon Roberts Colin Axon Ymddiheuriadau Dr Jenifer Baxter, [&hellip;]<\/p>\n","protected":false},"author":1,"featured_media":0,"parent":0,"menu_order":0,"comment_status":"closed","ping_status":"closed","template":"","meta":{"_crdt_document":"","inline_featured_image":false,"footnotes":""},"class_list":["post-6535","page","type-page","status-publish","hentry"],"_links":{"self":[{"href":"https:\/\/nationalinfrastructurecommission.wales\/cy\/wp-json\/wp\/v2\/pages\/6535","targetHints":{"allow":["GET"]}}],"collection":[{"href":"https:\/\/nationalinfrastructurecommission.wales\/cy\/wp-json\/wp\/v2\/pages"}],"about":[{"href":"https:\/\/nationalinfrastructurecommission.wales\/cy\/wp-json\/wp\/v2\/types\/page"}],"author":[{"embeddable":true,"href":"https:\/\/nationalinfrastructurecommission.wales\/cy\/wp-json\/wp\/v2\/users\/1"}],"replies":[{"embeddable":true,"href":"https:\/\/nationalinfrastructurecommission.wales\/cy\/wp-json\/wp\/v2\/comments?post=6535"}],"version-history":[{"count":2,"href":"https:\/\/nationalinfrastructurecommission.wales\/cy\/wp-json\/wp\/v2\/pages\/6535\/revisions"}],"predecessor-version":[{"id":6542,"href":"https:\/\/nationalinfrastructurecommission.wales\/cy\/wp-json\/wp\/v2\/pages\/6535\/revisions\/6542"}],"wp:attachment":[{"href":"https:\/\/nationalinfrastructurecommission.wales\/cy\/wp-json\/wp\/v2\/media?parent=6535"}],"curies":[{"name":"wp","href":"https:\/\/api.w.org\/{rel}","templated":true}]}}