{"id":3845,"date":"2024-03-26T15:36:30","date_gmt":"2024-03-26T15:36:30","guid":{"rendered":"https:\/\/nationalinfrastructurecommission.wales\/240227-2\/"},"modified":"2024-03-26T15:36:51","modified_gmt":"2024-03-26T15:36:51","slug":"240227-2","status":"publish","type":"page","link":"https:\/\/nationalinfrastructurecommission.wales\/cy\/240227-2\/","title":{"rendered":"240227 cyfarfod"},"content":{"rendered":"\n<p class=\"has-x-large-font-size wp-block-paragraph\">Nodiadau cyfarfod 27 Chwefror 2023<\/p>\n\n\n\n<p class=\"wp-block-paragraph\">Neuadd Gregynog, Powys<\/p>\n\n\n\n<div class=\"wp-block-columns alignfull is-layout-flex wp-container-core-columns-is-layout-f56f613f wp-block-columns-is-layout-flex\">\n<div class=\"wp-block-column is-layout-flow wp-block-column-is-layout-flow\" style=\"flex-basis:5%\"><\/div>\n\n\n\n<div class=\"wp-block-column is-layout-flow wp-block-column-is-layout-flow\" style=\"flex-basis:22.22%\">\n<div class=\"wp-block-senff-sticky-block\" data-topspace=\"20\" data-cfa=\"true\" data-minwidth=\"800\" data-maxwidth=\"99999\" data-pushup=\"\" data-zindex=\"1\">\n<nav aria-label=\"Table of Contents\" class=\"wp-block-table-of-contents\"><ol><li><a class=\"wp-block-table-of-contents__entry\" href=\"https:\/\/nationalinfrastructurecommission.wales\/240127-meeting\/#present\">Mynychwyr<\/a><\/li><li><a class=\"wp-block-table-of-contents__entry\" href=\"https:\/\/nationalinfrastructurecommission.wales\/240127-meeting\/#welcome-and-declarations-of-interest\">Croeso a datganiadau o ddiddordeb<\/a><\/li><li><a class=\"wp-block-table-of-contents__entry\" href=\"https:\/\/nationalinfrastructurecommission.wales\/240127-meeting\/#housekeeping\">Cadw t\u0177<\/a><\/li><li><a class=\"wp-block-table-of-contents__entry\" href=\"https:\/\/nationalinfrastructurecommission.wales\/240127-meeting\/#consultation-responses-policy-updates\">Ymatebion i&#8217;r ymgynghoriad\/diweddariadau polisi<\/a><\/li><li><a class=\"wp-block-table-of-contents__entry\" href=\"https:\/\/nationalinfrastructurecommission.wales\/240127-meeting\/#future-work-programme-updates\">Diweddariadau rhaglen waith y dyfodol<\/a><\/li><li><a class=\"wp-block-table-of-contents__entry\" href=\"https:\/\/nationalinfrastructurecommission.wales\/240127-meeting\/#annual-report\">Materion eraill<\/a><\/li><li><a class=\"wp-block-table-of-contents__entry\" href=\"https:\/\/nationalinfrastructurecommission.wales\/240127-meeting\/#budget\">Cyllid<\/a><\/li><li><a class=\"wp-block-table-of-contents__entry\" href=\"https:\/\/nationalinfrastructurecommission.wales\/240127-meeting\/#general-discussion\">Trafodaeth gyffredinol<\/a><\/li><\/ol><\/nav>\n<\/div>\n<\/div>\n\n\n\n<div class=\"wp-block-column is-layout-flow wp-block-column-is-layout-flow\" style=\"padding-top:var(--wp--preset--spacing--30);padding-right:var(--wp--preset--spacing--30);padding-bottom:var(--wp--preset--spacing--30);padding-left:var(--wp--preset--spacing--30);flex-basis:44.45%\">\n<div class=\"wp-block-group has-tertiary-background-color has-background is-layout-constrained wp-block-group-is-layout-constrained\">\n<h3 class=\"wp-block-heading\" id=\"present\">Mynychwyr<\/h3>\n\n\n\n<p class=\"has-large-font-size wp-block-paragraph\">CSCC<\/p>\n\n\n\n<p class=\"wp-block-paragraph\">David Clubb, Cadeirydd<br>Jenifer Baxter, Dirpwy Cadeirydd<br>Helen Armstrong, Comisiynydd<br>Aleena Khan, Comisiynydd<br>Eurgain Powell, Comisiynydd<br>Eluned Parrott, Comisiynydd<br>Steve Brooks, Comisiynydd<\/p>\n\n\n\n<p class=\"has-large-font-size wp-block-paragraph\">Ysgrifenyddiaeth<\/p>\n\n\n\n<p class=\"has-medium-font-size wp-block-paragraph\">Stuart Ingram, Ysgrifenyddiaeth CSCC<br>Nicola Britton, Ysgrifenyddiaeth CSCC<\/p>\n\n\n\n<p class=\"has-large-font-size wp-block-paragraph\">Ymddiheuriadau<\/p>\n\n\n\n<p class=\"wp-block-paragraph\">Nick Tune, Comisiynydd<br><\/p>\n<\/div>\n\n\n\n<div class=\"wp-block-group has-tertiary-background-color has-background is-layout-constrained wp-block-group-is-layout-constrained\">\n<h3 class=\"wp-block-heading\" id=\"welcome-and-declarations-of-interest\">Croeso a datganiadau o ddiddordeb<\/h3>\n\n\n\n<p class=\"wp-block-paragraph\">Croesawodd y Cadeirydd y comisiynwyr i&#8217;r cyfarfod gyda chofrestriad, dathliad o lwyddiant, datganiadau a gwahoddiadau.<\/p>\n\n\n\n<p class=\"wp-block-paragraph\">Yn Ddirprwy Gadeirydd mae wedi\u2019i phenodi\u2019n Brif Weithredwr Diwydiant Cymru, gan ddechrau ar 18 Mawrth. Bu&#8217;n trafod rhai agweddau ar ei r\u00f4l newydd ac mae&#8217;n hyderus na fydd gwrthdaro uniongyrchol \u00e2&#8217;i r\u00f4l yn CSCC gan na fydd yn gweithio ar brosiectau unigol, ond yn hytrach yn canolbwyntio ar gyfeiriad strategol y sefydliad. Fodd bynnag, bydd yn parhau i adolygu&#8217;r sefyllfa ac yn hysbysu AGIC os bydd yn ymwneud \u00e2 gweithgarwch buddsoddi.  <\/p>\n\n\n\n<p class=\"wp-block-paragraph\">Bydd y Dirprwy Gadeirydd yn mynychu seminar mis Mawrth y Gymdeithas Cynhyrchion Mwynau.<\/p>\n\n\n\n<p class=\"wp-block-paragraph\">Cyflwynodd Eluned Parrot foment ddiogelwch yn ymwneud \u00e2 chontract diogelwch myfyrwyr newydd y mae\u2019n ymwybodol ohono fel rhan o\u2019i r\u00f4l yn y Sefydliad Ffiseg. Nid yw&#8217;r is-gontractwr wedi cynnal asesiad risg priodol, yn enwedig o ran myfyrwyr anabl. Nododd y cadeirydd y gall y mater o arferion caffael cymhleth arwain at ostyngiad mewn safonau a bod hyn yn rhywbeth yr hoffai i CSCC fod yn ymwybodol ohono.  <\/p>\n<\/div>\n\n\n\n<div class=\"wp-block-group has-tertiary-background-color has-background is-layout-constrained wp-block-group-is-layout-constrained\">\n<h3 class=\"wp-block-heading\" id=\"housekeeping\">Cadw t\u0177<\/h3>\n\n\n\n<p class=\"wp-block-paragraph\">Cafodd y traciwr gweithredu ei nodi a\u2019i ddiweddaru gyda\u2019r Dirprwy Gadeirydd yn ailystyried y camau gweithredu ar yr ymgynghoriad Pontio Cyfiawn a bydd y Cadeirydd yn trafod adborth o ddigwyddiadau RTPI gwanwyn 2023 gyda Steve Brooks .<\/p>\n\n\n\n<p class=\"wp-block-paragraph\">Nodwyd adroddiad yr Ysgrifenyddiaeth.<\/p>\n\n\n\n<p class=\"wp-block-paragraph\">Nodwyd drafft cyntaf cofrestr risg. Cytunwyd y byddai cyfarfod ar wah\u00e2n yn cael ei drefnu. <\/p>\n\n\n\n<p class=\"wp-block-paragraph\"><a><\/a> <strong>Gweithred<\/strong><\/p>\n\n\n\n<p class=\"wp-block-paragraph\"><em>Ystyried ymdrin ag adroddiadau o ddigwyddiad RTPI gwanwyn 2023: Cadeirydd a Steve Brooks<\/em><\/p>\n\n\n\n<p class=\"wp-block-paragraph\"><em>Trefnu cyfarfod i gwblhau cofrestr risg: Ysgrifenyddiaeth<\/em><\/p>\n<\/div>\n\n\n\n<div class=\"wp-block-group has-tertiary-background-color has-background is-layout-constrained wp-block-group-is-layout-constrained\">\n<h3 class=\"wp-block-heading has-x-large-font-size\" id=\"consultation-responses-policy-updates\">Ymatebion i&#8217;r ymgynghoriad\/diweddariadau polisi<\/h3>\n\n\n\n<p class=\"wp-block-paragraph\">Trafodwyd yr ymgynghoriad ar Fframwaith Pontio Cyfiawn ac awgrymwyd y dylid gwneud cymhariaeth \u00e2 Just Transition yr Alban. Cytunodd y dirprwy gadeirydd i ailedrych ar y fframwaith Cymreig yn y cyd-destun hwnnw. <\/p>\n<\/div>\n\n\n\n<div class=\"wp-block-group has-tertiary-background-color has-background is-layout-constrained wp-block-group-is-layout-constrained\">\n<h3 class=\"wp-block-heading has-x-large-font-size\" id=\"future-work-programme-updates\">Diweddariadau rhaglen waith y dyfodol<\/h3>\n\n\n\n<p class=\"wp-block-paragraph\"><strong>Adroddiad Ynni Adnewyddadwy Blwyddyn 1<\/strong><br>Nodwyd nad oedd ymateb ffurfiol wedi ei dderbyn gan Lywodraeth Cymru eto. Commissioners discussed what action could be taken to expedite a response, once a new Ministerial team is in place. <br><br><strong>Blwyddyn 2 Caffael Ymchwil i Lifogydd<\/strong><br>Rhoddodd Eluned Parrott y wybodaeth ddiweddaraf i\u2019r gr\u0175p am y cynnydd gan nodi y bydd y prosiectau\u2019n cael eu cyflawni ddiwedd mis Mawrth ac y bydd mewnbwn ar yr adroddiadau drafft yn digwydd drwy gydol y mis. Mae cymhlethdod o fewn y sector a d\u0175r byw yn dod i&#8217;r amlwg fel them\u00e2u clir ac archwiliwyd yn fyr y cysylltiadau \u00e2 phrosiect risg dirfodol blwyddyn 3 sy&#8217;n datblygu. <br><strong><br>Blwyddyn 3 Datblygu ymagwedd at risg dirfodol. <\/strong><br>Mae sesiwn friffio gyda Cynnal Cymru wedi&#8217;i threfnu ar gyfer 15 Mawrth i drafod canfyddiadau sy&#8217;n dod i&#8217;r amlwg cyn cyflwyno&#8217;r adroddiad terfynol.<\/p>\n<\/div>\n\n\n\n<div id=\"other-work\" class=\"wp-block-group has-tertiary-background-color has-background is-layout-constrained wp-block-group-is-layout-constrained\">\n<h3 class=\"wp-block-heading has-x-large-font-size\" id=\"annual-report\">Materion eraill<\/h3>\n\n\n\n<p class=\"wp-block-paragraph\"><strong>Casgliad traethodau IWA Infrastructure Futures<\/strong><br>Bydd yr Ysgrifenyddiaeth yn rhoi diweddariad yn ystod yr wythnosau nesaf.<\/p>\n\n\n\n<p class=\"wp-block-paragraph\"><strong>Adborth o sesiwn gyda Phwyllgor NHAS<\/strong><br>Rhoddodd y cadeirydd a\u2019r dirprwy ddiweddariad byr i\u2019r cyfarfod am y sesiwn, a oedd wedi mynd yn dda yn eu barn nhw.<\/p>\n\n\n\n<p class=\"wp-block-paragraph\"><strong>Adborth o&#8217;r sesiwn gyda&#8217;r Dirprwy Weinidog<\/strong><br>Roedd y Gweinidog yn gallu cadarnhau cyllideb ar gyfer costau rhedeg a gofynnodd i brosiectau yn y dyfodol gael eu cyflwyno i&#8217;w cymeradwyo a&#8217;u dyrannu yn y gyllideb.<\/p>\n<\/div>\n\n\n\n<div id=\"Budget\" class=\"wp-block-group has-tertiary-background-color has-background is-layout-constrained wp-block-group-is-layout-constrained\">\n<h3 class=\"wp-block-heading has-x-large-font-size\" id=\"budget\">Cyllid<\/h3>\n\n\n\n<p class=\"wp-block-paragraph\">Nodwyd tanwariant o \u00a340k ar gyfer 23\/24. Bydd angen cytuno ar gynigion ar gyfer 24\/25 yn gynnar yn y flwyddyn ariannol a threfnu cyfarfod gyda\u2019r olynydd i John Howells, sy\u2019n ymddeol ddiwedd mis Mawrth. <\/p>\n\n\n\n<p class=\"wp-block-paragraph\">Gofynnodd y cadeirydd i&#8217;r comisiynwyr nodi a fyddent yn dymuno ymestyn eu tymhorau i sicrhau bod adroddiad Blwyddyn 2 a phrosiect blwyddyn 3 yn cael eu cyflawni.<br><br><strong>Gweithred<\/strong><br>Nodwch a fydd y tymor yn cael ei ymestyn i fis Rhagfyr 2025 : Pawb<\/p>\n<\/div>\n\n\n\n<div class=\"wp-block-group has-tertiary-background-color has-background is-layout-constrained wp-block-group-is-layout-constrained\">\n<h3 class=\"wp-block-heading has-x-large-font-size\" id=\"general-discussion\">Trafodaeth gyffredinol<\/h3>\n\n\n\n<p class=\"wp-block-paragraph\">Rhoddodd y dirprwy gadeirydd y wybodaeth ddiweddaraf i\u2019r Comisiynwyr am y trafodaethau y mae wedi\u2019u cael ar y Grid Cenedlaethol gyda thimau polisi LlC. Nodwyd y dylai&#8217;r rhai mwyaf effeithiol ar hyn o bryd ganolbwyntio ar sut y gall Cymru ddylanwadu ar San Steffan a NG. Roedd wythnos Cymru yn San Steffan yn cael ei hystyried yn ffordd bwysig o arfer \u2018p\u0175er meddal\u2019  <\/p>\n<\/div>\n<\/div>\n<\/div>\n","protected":false},"excerpt":{"rendered":"<p>Nodiadau cyfarfod 27 Chwefror 2023 Neuadd Gregynog, Powys Mynychwyr CSCC David Clubb, CadeiryddJenifer Baxter, Dirpwy CadeiryddHelen Armstrong, ComisiynyddAleena Khan, ComisiynyddEurgain Powell, ComisiynyddEluned Parrott, ComisiynyddSteve Brooks, Comisiynydd Ysgrifenyddiaeth Stuart Ingram, Ysgrifenyddiaeth CSCCNicola Britton, Ysgrifenyddiaeth CSCC Ymddiheuriadau Nick Tune, Comisiynydd Croeso a datganiadau o ddiddordeb Croesawodd y Cadeirydd y comisiynwyr i&#8217;r cyfarfod gyda chofrestriad, dathliad o lwyddiant, [&hellip;]<\/p>\n","protected":false},"author":1,"featured_media":0,"parent":0,"menu_order":0,"comment_status":"closed","ping_status":"closed","template":"","meta":{"_crdt_document":"","inline_featured_image":false,"footnotes":""},"class_list":["post-3845","page","type-page","status-publish","hentry"],"_links":{"self":[{"href":"https:\/\/nationalinfrastructurecommission.wales\/cy\/wp-json\/wp\/v2\/pages\/3845","targetHints":{"allow":["GET"]}}],"collection":[{"href":"https:\/\/nationalinfrastructurecommission.wales\/cy\/wp-json\/wp\/v2\/pages"}],"about":[{"href":"https:\/\/nationalinfrastructurecommission.wales\/cy\/wp-json\/wp\/v2\/types\/page"}],"author":[{"embeddable":true,"href":"https:\/\/nationalinfrastructurecommission.wales\/cy\/wp-json\/wp\/v2\/users\/1"}],"replies":[{"embeddable":true,"href":"https:\/\/nationalinfrastructurecommission.wales\/cy\/wp-json\/wp\/v2\/comments?post=3845"}],"version-history":[{"count":2,"href":"https:\/\/nationalinfrastructurecommission.wales\/cy\/wp-json\/wp\/v2\/pages\/3845\/revisions"}],"predecessor-version":[{"id":3847,"href":"https:\/\/nationalinfrastructurecommission.wales\/cy\/wp-json\/wp\/v2\/pages\/3845\/revisions\/3847"}],"wp:attachment":[{"href":"https:\/\/nationalinfrastructurecommission.wales\/cy\/wp-json\/wp\/v2\/media?parent=3845"}],"curies":[{"name":"wp","href":"https:\/\/api.w.org\/{rel}","templated":true}]}}