{"id":3635,"date":"2024-01-09T16:40:15","date_gmt":"2024-01-09T16:40:15","guid":{"rendered":"https:\/\/nationalinfrastructurecommission.wales\/231123-cyfarfod\/"},"modified":"2024-01-09T16:40:15","modified_gmt":"2024-01-09T16:40:15","slug":"231123-cyfarfod","status":"publish","type":"page","link":"https:\/\/nationalinfrastructurecommission.wales\/cy\/231123-cyfarfod\/","title":{"rendered":"231123 cyfarfod"},"content":{"rendered":"\n<p class=\"has-x-large-font-size wp-block-paragraph\">Nodiadau cyfarfod 23 Tachwedd 2023<\/p>\n\n\n\n<p class=\"wp-block-paragraph\">Canolfan Addysg Parc Bute, Caerdydd<\/p>\n\n\n\n<div class=\"wp-block-columns alignfull is-layout-flex wp-container-core-columns-is-layout-f56f613f wp-block-columns-is-layout-flex\">\n<div class=\"wp-block-column is-layout-flow wp-block-column-is-layout-flow\" style=\"flex-basis:5%\"><\/div>\n\n\n\n<div class=\"wp-block-column is-layout-flow wp-block-column-is-layout-flow\" style=\"flex-basis:22.22%\">\n<div class=\"wp-block-senff-sticky-block\" data-topspace=\"20\" data-cfa=\"true\" data-minwidth=\"800\" data-maxwidth=\"99999\" data-pushup=\"\" data-zindex=\"1\">\n<nav aria-label=\"Table of Contents\" class=\"wp-block-table-of-contents\"><ol><li><a class=\"wp-block-table-of-contents__entry\" href=\"https:\/\/nationalinfrastructurecommission.wales\/231123-meeting\/#present\">Mynychwyr<\/a><\/li><li><a class=\"wp-block-table-of-contents__entry\" href=\"https:\/\/nationalinfrastructurecommission.wales\/231123-meeting\/#welcome-and-declarations-of-interest\">Croeso a datganiadau o ddiddordeb<\/a><\/li><li><a class=\"wp-block-table-of-contents__entry\" href=\"https:\/\/nationalinfrastructurecommission.wales\/231123-meeting\/#housekeeping\">Cadw t\u0177<\/a><\/li><li><a class=\"wp-block-table-of-contents__entry\" href=\"https:\/\/nationalinfrastructurecommission.wales\/231123-meeting\/#commissioner-updates\">Diweddariadau gan y Comisiynydd<\/a><\/li><li><a class=\"wp-block-table-of-contents__entry\" href=\"https:\/\/nationalinfrastructurecommission.wales\/231123-meeting\/#consultation-responses-policy-updates\">Ymatebion i&#8217;r ymgynghoriad\/diweddariadau polisi<\/a><\/li><li><a class=\"wp-block-table-of-contents__entry\" href=\"https:\/\/nationalinfrastructurecommission.wales\/231123-meeting\/#future-work-programme-updates\">Diweddariadau rhaglen waith y dyfodol<\/a><\/li><li><a class=\"wp-block-table-of-contents__entry\" href=\"https:\/\/nationalinfrastructurecommission.wales\/231123-meeting\/#futures-work\">Gwaith dyfodol <\/a><\/li><li><a class=\"wp-block-table-of-contents__entry\" href=\"https:\/\/nationalinfrastructurecommission.wales\/231123-meeting\/#annual-report\">Adroddiad blynyddol<\/a><\/li><li><a class=\"wp-block-table-of-contents__entry\" href=\"https:\/\/nationalinfrastructurecommission.wales\/231123-meeting\/#future\">Map Dyfodol Cymru<\/a><\/li><li><a class=\"wp-block-table-of-contents__entry\" href=\"https:\/\/nationalinfrastructurecommission.wales\/231123-meeting\/#aob\">UFA<\/a><\/li><\/ol><\/nav>\n<\/div>\n<\/div>\n\n\n\n<div class=\"wp-block-column is-layout-flow wp-block-column-is-layout-flow\" style=\"padding-top:var(--wp--preset--spacing--30);padding-right:var(--wp--preset--spacing--30);padding-bottom:var(--wp--preset--spacing--30);padding-left:var(--wp--preset--spacing--30);flex-basis:44.45%\">\n<div class=\"wp-block-group has-tertiary-background-color has-background is-layout-constrained wp-block-group-is-layout-constrained\">\n<h3 class=\"wp-block-heading\" id=\"present\">Mynychwyr<\/h3>\n\n\n\n<p class=\"has-large-font-size wp-block-paragraph\">CSCC<\/p>\n\n\n\n<p class=\"wp-block-paragraph\">Jenifer Baxter Dirpwy Cadeirydd<br>Eurgain Powell, Comisiynydd<br>Helen Armstrong Comisiynydd<br>Eluned Parrott, Comisiynydd<br>Steve Brooks, Comisiynydd<br>Nick Tune, Comisiynydd<\/p>\n\n\n\n<p class=\"has-large-font-size wp-block-paragraph\">Ysgrifenyddiaeth<\/p>\n\n\n\n<p class=\"has-medium-font-size wp-block-paragraph\">Stuart Ingram, Ysgrifenyddiaeth CSCC<br>Nicola Britton, Ysgrifenyddiaeth CSCC<br><\/p>\n\n\n\n<p class=\"has-large-font-size wp-block-paragraph\">Ymddiheuriadau<\/p>\n\n\n\n<p class=\"wp-block-paragraph\">Dr David Clubb, Cadeirydd<br>Aleena Khan, Comisiynydd<\/p>\n<\/div>\n\n\n\n<div class=\"wp-block-group has-tertiary-background-color has-background is-layout-constrained wp-block-group-is-layout-constrained\">\n<h3 class=\"wp-block-heading\" id=\"welcome-and-declarations-of-interest\">Croeso a datganiadau o ddiddordeb<\/h3>\n\n\n\n<p class=\"wp-block-paragraph\">Croesawodd y Dirprwy Gadeirydd y comisiynwyr i&#8217;r cyfarfod gyda chofrestriad, dathliad o lwyddiant, datganiadau a gwahoddiadau. Nodwyd y flwyddyn o fuddiant newydd a ddaeth i\u2019r brig yn y cyfarfodydd lle bo\u2019n briodol: <\/p>\n\n\n\n<ul class=\"wp-block-list\">\n<li>Mae Nick Tune Yn gweithio gyda\u2019r cleientiaid newydd canlynol ar weithgarwch lleihau carbon:\n<ul class=\"wp-block-list\">\n<li>Cyngor Caerfyrddin<\/li>\n\n\n\n<li>Prifysgol Caerdydd<\/li>\n\n\n\n<li>Prifysgol Abertawe<\/li>\n<\/ul>\n<\/li>\n\n\n\n<li>Mae hefyd yn gweithio gyda TrC ar brosiect newid hinsawdd a gyda Chyngor Caerdydd ar brosiect gefeilliaid digidol.<\/li>\n\n\n\n<li>Eglurodd Jen Baxter ei bod yn gweithio gydag Ymddiriedolaeth Ynni Nwy Prydain ar grant yn ymwneud \u00e2 thlodi tanwydd.<\/li>\n\n\n\n<li>Mae Steve Brooks yn gweithio gyda chleientiaid newydd, Oxfam a Chadeirydd Gofal Cymdeithasol Mirus.<\/li>\n<\/ul>\n\n\n\n<p class=\"wp-block-paragraph\">Myfyriodd y Dirprwy Gadeirydd ar natur bywyd a gwasanaeth cyhoeddus yng Nghymru, gan nodi y bydd yn aml groesi rhwng arferion ymgynghori ac aelodaeth bwrdd gan mai gwlad fach yw Cymru. Nododd hefyd nad oes gan CSCC fel corff cynghori unrhyw ddylanwad ar benderfyniadau cynllunio na dyrannu arian grant cyhoeddus. <\/p>\n\n\n\n<p class=\"wp-block-paragraph\">Gweithred: <em>Cylchredeg cofrestr buddiannau i gomisiynwyr i sicrhau bod cofnodion yn gyfredol: Ysgrifenyddiaeth<\/em><\/p>\n<\/div>\n\n\n\n<div class=\"wp-block-group has-tertiary-background-color has-background is-layout-constrained wp-block-group-is-layout-constrained\">\n<h3 class=\"wp-block-heading\" id=\"housekeeping\">Cadw t\u0177<\/h3>\n\n\n\n<p class=\"wp-block-paragraph\">Nodwyd a diweddarwyd y traciwr gweithredu.<\/p>\n<\/div>\n\n\n\n<div class=\"wp-block-group has-tertiary-background-color has-background is-layout-constrained wp-block-group-is-layout-constrained\">\n<h3 class=\"wp-block-heading has-x-large-font-size\" id=\"commissioner-updates\">Diweddariadau gan y Comisiynydd<\/h3>\n\n\n\n<p class=\"wp-block-paragraph\">Gwahoddodd Eluned Parrott gomisiynwyr i ddigwyddiad y Sefydliad Ffiseg yn ymwneud ag ynni niwclear.<\/p>\n\n\n\n<p class=\"wp-block-paragraph\">Nododd Steve Brooks ei fod wedi diweddaru CSCC ar Ddigwyddiad Prifysgol Caerdydd trwy ZULIP, ond roedd am dynnu sylw at ffilm a dynnwyd yn y digwyddiad a allai gynnwys CSCC.<\/p>\n\n\n\n<p class=\"wp-block-paragraph\">Mynychodd Eurgain Powell ddigwyddiad iechyd addasu PHW\/CNC a bydd yn rhannu ei nodiadau fel rhai perthnasol i brosiect blwyddyn 3.<\/p>\n\n\n\n<p class=\"wp-block-paragraph\">Dywedodd Jenifer Baxter wrth y gr\u0175p ei bod ar hyn o bryd yn ymwneud yn helaeth \u00e2&#8217;i r\u00f4l fel Aelod o Fwrdd Diwydiant Cymru ac y byddent yn recriwtio Prif Weithredwr newydd yn fuan.<\/p>\n<\/div>\n\n\n\n<div class=\"wp-block-group has-tertiary-background-color has-background is-layout-constrained wp-block-group-is-layout-constrained\">\n<h3 class=\"wp-block-heading has-x-large-font-size\" id=\"consultation-responses-policy-updates\">Ymatebion i&#8217;r ymgynghoriad\/diweddariadau polisi<\/h3>\n\n\n\n<p class=\"wp-block-paragraph\">Cadarnhaodd Steve Brooks fod yr adroddiad o ddigwyddiadau ar y cyd yr RTPI bellach wedi dod i law, ond hoffai aros tan 2024 i\u2019w gyhoeddi gan egluro nad oes cyfyngiad amser gan nad yw\u2019n fwriad i\u2019r adroddiad ddylanwadu ar ddatblygiad polisi presennol, ond yn hytrach mae\u2019n s\u00f4n am gynllunio lefel uchel. cysyniadau.<\/p>\n\n\n\n<p class=\"wp-block-paragraph\">Trafodwyd adroddiad Cynhyrchu Ynni 2022 Llywodraeth Cymru yn fyr.<\/p>\n\n\n\n<p class=\"wp-block-paragraph\">Nick Tune informed commissioners the Net Zero Industry Cluster have launched a finding programme and are actively looking for bids, in particular for hydrogen projects.<\/p>\n<\/div>\n\n\n\n<div class=\"wp-block-group has-tertiary-background-color has-background is-layout-constrained wp-block-group-is-layout-constrained\">\n<h3 class=\"wp-block-heading has-x-large-font-size\" id=\"future-work-programme-updates\">Diweddariadau rhaglen waith y dyfodol<\/h3>\n\n\n\n<p class=\"wp-block-paragraph\"><strong>Adroddiad Ynni Adnewyddadwy<\/strong><\/p>\n\n\n\n<p class=\"wp-block-paragraph\">Bu&#8217;r Comisiynwyr yn trafod pryd y gallent ddisgwyl ymateb swyddogol gan Lywodraeth Cymru. Nodwyd y bydd y Gweinidog dros Newid Hinsawdd yn ymateb i gwestiwn gan y Senedd ar yr adroddiad yr wythnos nesaf. (w\/c 27\/11) a allai roi rhywfaint o fewnwelediad i ymateb y Llywodraeth. Arweiniodd hyn at drafodaeth ehangach ar CSCC yn cynnal dangosfwrdd o weithgarwch ac yn adolygu effaith yn gyfnodol   <br><br><strong>Blwyddyn 2 Caffael Ymchwil i Lifogydd<\/strong><br><br>Diweddarodd Eurgain Powell y gr\u0175p gan nodi y bydd y 4 ffrwd waith yn darparu adroddiadau interim erbyn diwedd y flwyddyn. Trafodwyd gweithgarwch ymgysylltu ar gyfer gweithdai sydd i ddod, ac a ddylid gohirio gweithdai oherwydd bod rhanddeiliaid yn brysur gyda materion yn ymwneud \u00e2 thywydd garw diweddar. <br><strong><br>Blwyddyn 3 Datblygu ymagwedd at risg dirfodol. <\/strong><br><br>Dywedodd Helen Armstrong fod Cynnal Cymru wedi derbyn y cyswllt a bod cyfarfod cychwynnol gyda holl aelodau&#8217;r comisiwn wedi&#8217;i drefnu ar gyfer 28 Tachwedd. Trafododd Steve Brooks yr alwad am dystiolaeth a\u2019i fod yn trefnu cyfarfod gyda swyddfa Comisiynydd Cenedlaethau\u2019r Dyfodol. <\/p>\n\n\n\n<p class=\"wp-block-paragraph\"><em><strong>Gweithred<\/strong><\/em><\/p>\n\n\n\n<p class=\"wp-block-paragraph\"><em>Creu taenlen i olrhain gweithgaredd ac effaith CSCC: Ysgrifenyddiaeth<\/em><\/p>\n<\/div>\n\n\n\n<div class=\"wp-block-group has-tertiary-background-color has-background is-layout-constrained wp-block-group-is-layout-constrained\">\n<h3 class=\"wp-block-heading has-x-large-font-size\" id=\"futures-work\">Gwaith dyfodol <\/h3>\n\n\n\n<p class=\"wp-block-paragraph\">Trafodwyd syniadau ar gyfer \u2018prosiectau bach\u2019 yn y dyfodol, gan gynnwys y berthynas rhwng seilwaith gwyrddlas a llwyd; ailddefnyddio seilwaith (ailbweru) a meini prawf ar gyfer \u2018sut olwg sydd ar dda\u2019.<\/p>\n\n\n\n<p class=\"wp-block-paragraph\"><em><strong>Gweithred<\/strong><\/em><\/p>\n\n\n\n<p class=\"wp-block-paragraph\"><em>Syniadau ar gyfer prosiectau bach i&#8217;w cyflwyno i&#8217;r ysgrifenyddiaeth i&#8217;w trafod\/sgorio: Pawb<\/em><\/p>\n<\/div>\n\n\n\n<div class=\"wp-block-group has-tertiary-background-color has-background is-layout-constrained wp-block-group-is-layout-constrained\">\n<h3 class=\"wp-block-heading has-x-large-font-size\" id=\"annual-report\">Adroddiad blynyddol<\/h3>\n\n\n\n<p class=\"wp-block-paragraph\">Mae Adroddiad Blynyddol 2022\/23 bron yn barod i&#8217;w gymeradwyo. Cytunwyd y byddai&#8217;n ddigon, yn ogystal \u00e2 gweithdrefnau swyddogol, eu gosod yng nghyhoeddiad y Senedd ar wefan CSCC. <\/p>\n<\/div>\n\n\n\n<div class=\"wp-block-group has-tertiary-background-color has-background is-layout-constrained wp-block-group-is-layout-constrained\">\n<h3 class=\"wp-block-heading has-x-large-font-size\" id=\"future\">Map Dyfodol Cymru<\/h3>\n\n\n\n<p class=\"wp-block-paragraph\">Trafododd y Comisiynwyr rai o gyfyngiadau datblygu map, gan gynnwys anhawster i greu gweledigaeth hirdymor ac eglurder pwrpas. Gallai r\u00f4l CSCC fod yn un o hysbysu&#8217;r broses yn hytrach na chynhyrchu. Cytunwyd y byddai amserlen yn cael ei chynhyrchu a&#8217;i thrafod yn y cyfarfod nesaf.  <\/p>\n<\/div>\n\n\n\n<div class=\"wp-block-group has-tertiary-background-color has-background is-layout-constrained wp-block-group-is-layout-constrained\">\n<h3 class=\"wp-block-heading has-x-large-font-size\" id=\"aob\">UFA<\/h3>\n\n\n\n<p class=\"wp-block-paragraph\">Dim<\/p>\n<\/div>\n<\/div>\n<\/div>\n","protected":false},"excerpt":{"rendered":"<p>Nodiadau cyfarfod 23 Tachwedd 2023 Canolfan Addysg Parc Bute, Caerdydd Mynychwyr CSCC Jenifer Baxter Dirpwy CadeiryddEurgain Powell, ComisiynyddHelen Armstrong ComisiynyddEluned Parrott, ComisiynyddSteve Brooks, ComisiynyddNick Tune, Comisiynydd Ysgrifenyddiaeth Stuart Ingram, Ysgrifenyddiaeth CSCCNicola Britton, Ysgrifenyddiaeth CSCC Ymddiheuriadau Dr David Clubb, CadeiryddAleena Khan, Comisiynydd Croeso a datganiadau o ddiddordeb Croesawodd y Dirprwy Gadeirydd y comisiynwyr i&#8217;r cyfarfod gyda [&hellip;]<\/p>\n","protected":false},"author":1,"featured_media":0,"parent":0,"menu_order":0,"comment_status":"closed","ping_status":"closed","template":"","meta":{"_crdt_document":"","inline_featured_image":false,"footnotes":""},"class_list":["post-3635","page","type-page","status-publish","hentry"],"_links":{"self":[{"href":"https:\/\/nationalinfrastructurecommission.wales\/cy\/wp-json\/wp\/v2\/pages\/3635","targetHints":{"allow":["GET"]}}],"collection":[{"href":"https:\/\/nationalinfrastructurecommission.wales\/cy\/wp-json\/wp\/v2\/pages"}],"about":[{"href":"https:\/\/nationalinfrastructurecommission.wales\/cy\/wp-json\/wp\/v2\/types\/page"}],"author":[{"embeddable":true,"href":"https:\/\/nationalinfrastructurecommission.wales\/cy\/wp-json\/wp\/v2\/users\/1"}],"replies":[{"embeddable":true,"href":"https:\/\/nationalinfrastructurecommission.wales\/cy\/wp-json\/wp\/v2\/comments?post=3635"}],"version-history":[{"count":0,"href":"https:\/\/nationalinfrastructurecommission.wales\/cy\/wp-json\/wp\/v2\/pages\/3635\/revisions"}],"wp:attachment":[{"href":"https:\/\/nationalinfrastructurecommission.wales\/cy\/wp-json\/wp\/v2\/media?parent=3635"}],"curies":[{"name":"wp","href":"https:\/\/api.w.org\/{rel}","templated":true}]}}