{"id":2073,"date":"2023-04-04T07:00:20","date_gmt":"2023-04-04T06:00:20","guid":{"rendered":"https:\/\/nationalinfrastructurecommission.wales\/datganiad-hygyrchedd\/"},"modified":"2024-05-24T09:14:52","modified_gmt":"2024-05-24T08:14:52","slug":"datganiad-hygyrchedd","status":"publish","type":"page","link":"https:\/\/nationalinfrastructurecommission.wales\/cy\/datganiad-hygyrchedd\/","title":{"rendered":"Datganiad hygyrchedd"},"content":{"rendered":"\n<div class=\"wp-block-group alignwide is-layout-flow wp-block-group-is-layout-flow\">\n<h2 class=\"wp-block-heading\"><strong>Datganiad hygyrchedd ar gyfer gwefan Comisiwn Seilwaith Cenedlaethol Cymru (CSCC).<\/strong><\/h2>\n\n\n\n<p class=\"wp-block-paragraph\">Mae&#8217;r datganiad hygyrchedd hwn yn berthnasol i&#8217;r wefan hon.<\/p>\n\n\n\n<p class=\"wp-block-paragraph\">Mae&#8217;r wefan hon yn cael ei rhedeg gan David Clubb a&#8217;r Ysgrifennydd NEWYDD ar ran NICE. Rydym am i gynifer o bobl \u00e2 phosibl allu defnyddio\u2019r wefan hon. Er enghraifft, mae hynny&#8217;n golygu y dylech allu:  <\/p>\n\n\n\n<ul class=\"wp-block-list\">\n<li>chwyddo hyd at 300% heb i&#8217;r testun arllwys oddi ar y sgrin<\/li>\n\n\n\n<li>llywio&#8217;r rhan fwyaf o&#8217;r wefan gan ddefnyddio bysellfwrdd yn unig<\/li>\n\n\n\n<li>llywio&#8217;r rhan fwyaf o&#8217;r wefan gan ddefnyddio meddalwedd adnabod lleferydd<\/li>\n\n\n\n<li>gwrando ar y rhan fwyaf o\u2019r wefan gan ddefnyddio darllenydd sgrin (gan gynnwys y fersiynau diweddaraf o JAWS, NVDA a VoiceOver)<\/li>\n<\/ul>\n\n\n\n<p class=\"wp-block-paragraph\">Rydym hefyd wedi gwneud testun y wefan mor syml \u00e2 phosibl i\u2019w ddeall. Fodd bynnag, mae peth o&#8217;r wybodaeth a gynhyrchwn yn dechnegol ei natur a gall fod yn heriol i bobl heb brofiad o faterion seilwaith. <\/p>\n\n\n\n<p class=\"wp-block-paragraph\">Mae gan <a href=\"https:\/\/mcmw.abilitynet.org.uk\/\">AbilityNet<\/a> gyngor ar wneud eich dyfais yn haws ei defnyddio os oes gennych anabledd. Mae&#8217;n ddrwg gennym nad yw AbilityNet yn darparu cyngor i ddefnyddwyr Linux neu OpenBSD.<\/p>\n\n\n\n<h3 class=\"wp-block-heading\"><strong>Pa mor hygyrch yw&#8217;r wefan hon<\/strong><strong><br><\/strong><strong><br><\/strong>Gwyddom nad yw rhai rhannau o\u2019r wefan hon yn gwbl hygyrch:<\/h3>\n\n\n\n<ul class=\"wp-block-list\">\n<li>ni allwch newid lliwiau, lefelau cyferbyniad a ffontiau yn uniongyrchol o&#8217;r wefan<\/li>\n\n\n\n<li>ni allwch addasu uchder llinell neu fylchau testun<\/li>\n\n\n\n<li>nid yw&#8217;r rhan fwyaf o ddogfennau PDF h\u0177n yn gwbl hygyrch i feddalwedd darllen sgrin<\/li>\n<\/ul>\n\n\n\n<h3 class=\"wp-block-heading\"><strong>Adborth a gwybodaeth gyswllt<\/strong><\/h3>\n\n\n\n<p class=\"wp-block-paragraph\">Gallwch anfon e-bost atom drwy NationalInfrastructureCommissionforWales@gov.wales<\/p>\n\n\n\n<h3 class=\"wp-block-heading\"><strong>Rhoi gwybod am broblemau hygyrchedd gyda&#8217;r wefan hon<\/strong><\/h3>\n\n\n\n<p class=\"wp-block-paragraph\">Rydym yn awyddus i wella hygyrchedd y wefan hon. Os byddwch yn dod o hyd i unrhyw broblemau nad ydynt wedi\u2019u rhestru ar y dudalen hon neu\u2019n meddwl nad ydym yn bodloni gofynion hygyrchedd, cysylltwch \u00e2 Chomisiwn Seilwaith CenedlaetholCymru@llyw.cymru <\/p>\n\n\n\n<h3 class=\"wp-block-heading\"><strong>Gweithdrefn orfodi<\/strong><\/h3>\n\n\n\n<p class=\"wp-block-paragraph\">Mae\u2019r Comisiwn Cydraddoldeb a Hawliau Dynol (EHRC) yn gyfrifol am orfodi Rheoliadau Hygyrchedd Cyrff y Sector Cyhoeddus (Gwefannau a Chymwysiadau Symudol) (Rhif 2) 2018 (y \u2018rheoliadau hygyrchedd\u2019). Os nad ydych yn hapus gyda\u2019r ffordd yr ydym yn ymateb i\u2019ch cwyn, <a href=\"https:\/\/www.equalityadvisoryservice.com\/\">cysylltu \u00e2\u2019r Gwasanaeth Cynghori a Chymorth Cydraddoldeb (EASS)<\/a>. <\/p>\n\n\n\n<h2 class=\"wp-block-heading\"><strong>Cysylltu \u00e2 ni dros y ff\u00f4n neu ymweld \u00e2 ni yn bersonol<\/strong><\/h2>\n\n\n\n<p class=\"wp-block-paragraph\">Nid oes gennym swyddfa ffisegol a dim rhif ff\u00f4n swyddfa penodol. Defnyddiwch y cyfeiriad e-bost canlynol i gysylltu \u00e2 ni: <\/p>\n\n\n\n<p class=\"wp-block-paragraph\">NationalInfrastructureCommissionforWales@gov.wales&nbsp;<\/p>\n\n\n\n<h2 class=\"wp-block-heading\"><strong>Gwybodaeth dechnegol am hygyrchedd y wefan hon<\/strong><\/h2>\n\n\n\n<p class=\"wp-block-paragraph\">Mae CSCC wedi ymrwymo i wneud ei wefan yn hygyrch, yn unol \u00e2 Rheoliadau Hygyrchedd Cyrff y Sector Cyhoeddus (Gwefannau a Chymwysiadau Symudol) (Rhif 2) 2018.<\/p>\n\n\n\n<h3 class=\"wp-block-heading\"><strong>Statws cydymffurfio<\/strong><\/h3>\n\n\n\n<p class=\"wp-block-paragraph\">Mae&#8217;r wefan hon yn cydymffurfio&#8217;n rhannol \u00e2&#8217;r <a href=\"https:\/\/www.w3.org\/TR\/WCAG21\/\">Fersiwn Canllawiau Hygyrchedd Cynnwys Gwe 2.1<\/a> Safon AA, oherwydd yr eithriadau a restrir isod.<\/p>\n\n\n\n<h3 class=\"wp-block-heading\"><strong>Baich anghymesur<\/strong><\/h3>\n\n\n\n<ul class=\"wp-block-list\">\n<li>Ni allwn ddarparu fformatau ychwanegol fel PDF hygyrch, print bras, hawdd ei ddarllen, recordiad sain neu braille<\/li>\n\n\n\n<li>Efallai y bydd rhai adroddiadau neu gyhoeddiadau etifeddiaeth ar gael ar ffurf PDF yn unig; rydym yn bwriadu cyhoeddi adroddiadau yn y dyfodol fel HTML yn ogystal \u00e2 dogfennau PDF, ond nid oes gennym yr adnoddau i wella hygyrchedd ein hen ddogfen.<\/li>\n<\/ul>\n\n\n\n<p class=\"wp-block-paragraph\">Rydym wedi asesu\u2019r gost o drwsio\u2019r problemau gyda llywio a chyrchu gwybodaeth. Credwn y byddai gwneud hynny yn awr yn a <a href=\"http:\/\/www.legislation.gov.uk\/uksi\/2018\/952\/regulation\/7\/made\">baich anghymesur<\/a> o fewn ystyr y rheoliadau hygyrchedd.  Mae hyn oherwydd nad oes gennym adnodd rheolwr gwe pwrpasol ar hyn o bryd.<\/p>\n\n\n\n<h2 class=\"wp-block-heading\"><strong>Beth rydym yn ei wneud i wella hygyrchedd<\/strong><\/h2>\n\n\n\n<p class=\"wp-block-paragraph\">Rydym yn bwriadu bod cyhoeddiadau yn y dyfodol ar gael mewn HTML yn ogystal \u00e2 PDF.<\/p>\n\n\n\n<h2 class=\"wp-block-heading\"><strong>Paratoi&#8217;r datganiad hygyrchedd hwn<\/strong><\/h2>\n\n\n\n<p class=\"wp-block-paragraph\">Paratowyd y datganiad hwn ar 3 Ebrill 2023. Cafodd ei adolygu ddiwethaf ar 23 Mai 2024. <\/p>\n\n\n\n<p class=\"wp-block-paragraph\"><\/p>\n<\/div>\n","protected":false},"excerpt":{"rendered":"<p>Datganiad hygyrchedd ar gyfer gwefan Comisiwn Seilwaith Cenedlaethol Cymru (CSCC). Mae&#8217;r datganiad hygyrchedd hwn yn berthnasol i&#8217;r wefan hon. Mae&#8217;r wefan hon yn cael ei rhedeg gan David Clubb a&#8217;r Ysgrifennydd NEWYDD ar ran NICE. Rydym am i gynifer o bobl \u00e2 phosibl allu defnyddio\u2019r wefan hon. Er enghraifft, mae hynny&#8217;n golygu y dylech allu: [&hellip;]<\/p>\n","protected":false},"author":1,"featured_media":0,"parent":0,"menu_order":0,"comment_status":"closed","ping_status":"closed","template":"","meta":{"_crdt_document":"","inline_featured_image":false,"footnotes":""},"class_list":["post-2073","page","type-page","status-publish","hentry"],"_links":{"self":[{"href":"https:\/\/nationalinfrastructurecommission.wales\/cy\/wp-json\/wp\/v2\/pages\/2073","targetHints":{"allow":["GET"]}}],"collection":[{"href":"https:\/\/nationalinfrastructurecommission.wales\/cy\/wp-json\/wp\/v2\/pages"}],"about":[{"href":"https:\/\/nationalinfrastructurecommission.wales\/cy\/wp-json\/wp\/v2\/types\/page"}],"author":[{"embeddable":true,"href":"https:\/\/nationalinfrastructurecommission.wales\/cy\/wp-json\/wp\/v2\/users\/1"}],"replies":[{"embeddable":true,"href":"https:\/\/nationalinfrastructurecommission.wales\/cy\/wp-json\/wp\/v2\/comments?post=2073"}],"version-history":[{"count":0,"href":"https:\/\/nationalinfrastructurecommission.wales\/cy\/wp-json\/wp\/v2\/pages\/2073\/revisions"}],"wp:attachment":[{"href":"https:\/\/nationalinfrastructurecommission.wales\/cy\/wp-json\/wp\/v2\/media?parent=2073"}],"curies":[{"name":"wp","href":"https:\/\/api.w.org\/{rel}","templated":true}]}}